{"id":104,"date":"2018-01-07T10:43:12","date_gmt":"2018-01-07T09:43:12","guid":{"rendered":"http:\/\/www.cgtcd06.fr\/?page_id=104"},"modified":"2023-01-26T09:26:07","modified_gmt":"2023-01-26T08:26:07","slug":"comite-hygiene-et-securite","status":"publish","type":"page","link":"https:\/\/www.cgtcd06.fr\/?page_id=104","title":{"rendered":"Commission Consultative Paritaire"},"content":{"rendered":"<div class=\"wpb-content-wrapper\"><p>[vc_row gap=\u00a0\u00bb5&Prime;][vc_column][vc_column_text css_animation=\u00a0\u00bbappear\u00a0\u00bb]<span style=\"font-weight: 400;\"><em>Titulaire :<\/em> <\/span><span style=\"font-weight: 400;\"><span style=\"color: #ffffff;\"><b>FERRETTI <\/b>B\u00e9atrice<b><br \/>\n<\/b><\/span><\/span><\/p>\n<p><span style=\"font-weight: 400;\"><em>Titulaire :<\/em> <span style=\"color: #ffffff;\"><strong>VIDAL <\/strong>Dominique<\/span><\/span><\/p>\n<p><span style=\"font-weight: 400;\"><em>Suppl\u00e9ante :<\/em><span style=\"color: #ffffff;\"><strong> ALFOCCEA<\/strong> Nathalie<\/span><\/span><\/p>\n<p><span style=\"font-weight: 400;\"><em>Suppl\u00e9ante :<\/em> <\/span><span style=\"font-weight: 400;\"><span style=\"color: #ffffff;\"><b>ZIVANOVIC <\/b>Vesna<\/span><\/span>[\/vc_column_text][\/vc_column][\/vc_row]<\/p>\n<\/div>","protected":false},"excerpt":{"rendered":"<p>[vc_row gap=\u00a0\u00bb5&Prime;][vc_column][vc_column_text css_animation=\u00a0\u00bbappear\u00a0\u00bb]Titulaire : FERRETTI B\u00e9atrice Titulaire : VIDAL Dominique Suppl\u00e9ante : ALFOCCEA Nathalie Suppl\u00e9ante : ZIVANOVIC Vesna[\/vc_column_text][\/vc_column][\/vc_row]<\/p>\n","protected":false},"author":2,"featured_media":0,"parent":20,"menu_order":0,"comment_status":"closed","ping_status":"closed","template":"","meta":{"footnotes":""},"_links":{"self":[{"href":"https:\/\/www.cgtcd06.fr\/index.php?rest_route=\/wp\/v2\/pages\/104"}],"collection":[{"href":"https:\/\/www.cgtcd06.fr\/index.php?rest_route=\/wp\/v2\/pages"}],"about":[{"href":"https:\/\/www.cgtcd06.fr\/index.php?rest_route=\/wp\/v2\/types\/page"}],"author":[{"embeddable":true,"href":"https:\/\/www.cgtcd06.fr\/index.php?rest_route=\/wp\/v2\/users\/2"}],"replies":[{"embeddable":true,"href":"https:\/\/www.cgtcd06.fr\/index.php?rest_route=%2Fwp%2Fv2%2Fcomments&post=104"}],"version-history":[{"count":11,"href":"https:\/\/www.cgtcd06.fr\/index.php?rest_route=\/wp\/v2\/pages\/104\/revisions"}],"predecessor-version":[{"id":1366,"href":"https:\/\/www.cgtcd06.fr\/index.php?rest_route=\/wp\/v2\/pages\/104\/revisions\/1366"}],"up":[{"embeddable":true,"href":"https:\/\/www.cgtcd06.fr\/index.php?rest_route=\/wp\/v2\/pages\/20"}],"wp:attachment":[{"href":"https:\/\/www.cgtcd06.fr\/index.php?rest_route=%2Fwp%2Fv2%2Fmedia&parent=104"}],"curies":[{"name":"wp","href":"https:\/\/api.w.org\/{rel}","templated":true}]}}