{"id":115,"date":"2018-01-07T15:32:47","date_gmt":"2018-01-07T14:32:47","guid":{"rendered":"http:\/\/www.cgtcd06.fr\/?page_id=115"},"modified":"2019-11-26T11:54:35","modified_gmt":"2019-11-26T10:54:35","slug":"nos-bureaux","status":"publish","type":"page","link":"https:\/\/www.cgtcd06.fr\/?page_id=115","title":{"rendered":"Nos bureaux"},"content":{"rendered":"<div class=\"wpb-content-wrapper\"><p>[vc_row css_animation=\u00a0\u00bbfadeInDown\u00a0\u00bb][vc_column width=\u00a0\u00bb1\/2&Prime;][vc_column_text]<\/p>\n<h1><span style=\"color: #ff0000;\">CADAM<\/span><\/h1>\n<h4><span style=\"color: #ff0000;\">au Rdc du b\u00e2timent CHEIRON<\/span><\/h4>\n<h4><span style=\"color: #ff0000;\">Bureaux 51 &#8211; 52 &#8211; 53<\/span><\/h4>\n<h5><\/h5>\n<h4><span style=\"color: #ff0000;\">Accueil t\u00e9l\u00e9phone CGT\u00a0:<\/span><\/h4>\n<h4><span style=\"color: #ff0000;\"> 04. 97. 18. 72. 20<\/span><\/h4>\n<h4><span style=\"color: #ff0000;\">E-mail\u00a0: cgt@departement06.fr<\/span><\/h4>\n<p>[\/vc_column_text][\/vc_column][vc_column width=\u00a0\u00bb1\/2&Prime;][vc_message message_box_style=\u00a0\u00bbsolid-icon\u00a0\u00bb message_box_color=\u00a0\u00bbwarning\u00a0\u00bb icon_fontawesome=\u00a0\u00bbfa fa-user-o\u00a0\u00bb css_animation=\u00a0\u00bbzoomIn\u00a0\u00bb]Si vous souhaitez un accueil<br \/>\nde qualit\u00e9 et en toute confidentalit\u00e9&#8230;<br \/>\nPrendre rendez-vous est l&rsquo;assurance<br \/>\nde notre enti\u00e8re disponibilit\u00e9.<br \/>\nMerci[\/vc_message][\/vc_column][\/vc_row][vc_row][vc_column][vc_gmaps link=\u00a0\u00bb#E-8_JTNDaWZyYW1lJTIwc3JjJTNEJTIyaHR0cHMlM0ElMkYlMkZ3d3cuZ29vZ2xlLmNvbSUyRm1hcHMlMkZlbWJlZCUzRnBiJTNEJTIxMW0xOCUyMTFtMTIlMjExbTMlMjExZDE0MTMuMTY4MDU1NDk5NTQ3OCUyMTJkNy4yMDAxMTM3Nzc0NzMxMDQ1JTIxM2Q0My42NzQ3Mjc0MTc5Nzc0MiUyMTJtMyUyMTFmMCUyMTJmMCUyMTNmMCUyMTNtMiUyMTFpMTAyNCUyMTJpNzY4JTIxNGYxMy4xJTIxM20zJTIxMW0yJTIxMXMweDEyY2RkMWUzN2Q3NzY2MTElMjUzQTB4NTMxOGQ2ZjUzOTE4M2E4MSUyMTJzUHIlMjVDMyUyNUE5ZmVjdHVyZSUyQmRlcyUyQkFscGVzLU1hcml0aW1lcyUyMTVlMCUyMTNtMiUyMTFzZnIlMjEyc2ZyJTIxNHYxNTI3MjQxNzI4NTk1JTIyJTIwd2lkdGglM0QlMjI2MDAlMjIlMjBoZWlnaHQlM0QlMjI0NTAlMjIlMjBmcmFtZWJvcmRlciUzRCUyMjAlMjIlMjBzdHlsZSUzRCUyMmJvcmRlciUzQTAlMjIlMjBhbGxvd2Z1bGxzY3JlZW4lM0UlM0MlMkZpZnJhbWUlM0U=\u00a0\u00bb css_animation=\u00a0\u00bbslideInDown\u00a0\u00bb][\/vc_column][\/vc_row]<\/p>\n<\/div>","protected":false},"excerpt":{"rendered":"<p>[vc_row css_animation=\u00a0\u00bbfadeInDown\u00a0\u00bb][vc_column width=\u00a0\u00bb1\/2&Prime;][vc_column_text] CADAM au Rdc du b\u00e2timent CHEIRON Bureaux 51 &#8211; 52 &#8211; 53 Accueil t\u00e9l\u00e9phone CGT\u00a0: 04. 97. 18. 72. 20 E-mail\u00a0: cgt@departement06.fr [\/vc_column_text][\/vc_column][vc_column width=\u00a0\u00bb1\/2&Prime;][vc_message message_box_style=\u00a0\u00bbsolid-icon\u00a0\u00bb message_box_color=\u00a0\u00bbwarning\u00a0\u00bb icon_fontawesome=\u00a0\u00bbfa fa-user-o\u00a0\u00bb css_animation=\u00a0\u00bbzoomIn\u00a0\u00bb]Si vous souhaitez un accueil de qualit\u00e9 et en toute confidentalit\u00e9&#8230; Prendre rendez-vous est l&rsquo;assurance de notre enti\u00e8re disponibilit\u00e9. Merci[\/vc_message][\/vc_column][\/vc_row][vc_row][vc_column][vc_gmaps link=\u00a0\u00bb#E-8_JTNDaWZyYW1lJTIwc3JjJTNEJTIyaHR0cHMlM0ElMkYlMkZ3d3cuZ29vZ2xlLmNvbSUyRm1hcHMlMkZlbWJlZCUzRnBiJTNEJTIxMW0xOCUyMTFtMTIlMjExbTMlMjExZDE0MTMuMTY4MDU1NDk5NTQ3OCUyMTJkNy4yMDAxMTM3Nzc0NzMxMDQ1JTIxM2Q0My42NzQ3Mjc0MTc5Nzc0MiUyMTJtMyUyMTFmMCUyMTJmMCUyMTNmMCUyMTNtMiUyMTFpMTAyNCUyMTJpNzY4JTIxNGYxMy4xJTIxM20zJTIxMW0yJTIxMXMweDEyY2RkMWUzN2Q3NzY2MTElMjUzQTB4NTMxOGQ2ZjUzOTE4M2E4MSUyMTJzUHIlMjVDMyUyNUE5ZmVjdHVyZSUyQmRlcyUyQkFscGVzLU1hcml0aW1lcyUyMTVlMCUyMTNtMiUyMTFzZnIlMjEyc2ZyJTIxNHYxNTI3MjQxNzI4NTk1JTIyJTIwd2lkdGglM0QlMjI2MDAlMjIlMjBoZWlnaHQlM0QlMjI0NTAlMjIlMjBmcmFtZWJvcmRlciUzRCUyMjAlMjIlMjBzdHlsZSUzRCUyMmJvcmRlciUzQTAlMjIlMjBhbGxvd2Z1bGxzY3JlZW4lM0UlM0MlMkZpZnJhbWUlM0U=\u00a0\u00bb css_animation=\u00a0\u00bbslideInDown\u00a0\u00bb][\/vc_column][\/vc_row]<\/p>\n","protected":false},"author":2,"featured_media":0,"parent":39,"menu_order":1,"comment_status":"closed","ping_status":"closed","template":"","meta":{"footnotes":""},"_links":{"self":[{"href":"https:\/\/www.cgtcd06.fr\/index.php?rest_route=\/wp\/v2\/pages\/115"}],"collection":[{"href":"https:\/\/www.cgtcd06.fr\/index.php?rest_route=\/wp\/v2\/pages"}],"about":[{"href":"https:\/\/www.cgtcd06.fr\/index.php?rest_route=\/wp\/v2\/types\/page"}],"author":[{"embeddable":true,"href":"https:\/\/www.cgtcd06.fr\/index.php?rest_route=\/wp\/v2\/users\/2"}],"replies":[{"embeddable":true,"href":"https:\/\/www.cgtcd06.fr\/index.php?rest_route=%2Fwp%2Fv2%2Fcomments&post=115"}],"version-history":[{"count":16,"href":"https:\/\/www.cgtcd06.fr\/index.php?rest_route=\/wp\/v2\/pages\/115\/revisions"}],"predecessor-version":[{"id":1141,"href":"https:\/\/www.cgtcd06.fr\/index.php?rest_route=\/wp\/v2\/pages\/115\/revisions\/1141"}],"up":[{"embeddable":true,"href":"https:\/\/www.cgtcd06.fr\/index.php?rest_route=\/wp\/v2\/pages\/39"}],"wp:attachment":[{"href":"https:\/\/www.cgtcd06.fr\/index.php?rest_route=%2Fwp%2Fv2%2Fmedia&parent=115"}],"curies":[{"name":"wp","href":"https:\/\/api.w.org\/{rel}","templated":true}]}}