{"id":213,"date":"2018-01-09T16:26:38","date_gmt":"2018-01-09T15:26:38","guid":{"rendered":"http:\/\/www.cgtcd06.fr\/?page_id=213"},"modified":"2022-03-29T09:33:35","modified_gmt":"2022-03-29T07:33:35","slug":"les-tresoriers","status":"publish","type":"page","link":"https:\/\/www.cgtcd06.fr\/?page_id=213","title":{"rendered":"La permanence CGT CD06"},"content":{"rendered":"<div class=\"wpb-content-wrapper\"><p>[vc_row][vc_column][vc_column_text]<\/p>\n<h5><em><span style=\"color: #ff0000;\">Permanence du Lundi au Vendredi :<\/span><\/em><\/h5>\n<h3><span style=\"color: #ffffff;\">Thierry TRIPODI<\/span><\/h3>\n<h4><span style=\"color: #ffffff;\">Audrey TORRE\u00a0<\/span><\/h4>\n<h3><\/h3>\n<h3><\/h3>\n<p>_______________________________________________________________<\/p>\n<p><span style=\"color: #ff0000;\"><em>Les tr\u00e9soriers du syndicat sont \u00e0 la permanence de la CGT<br \/>\n<\/em><\/span><span style=\"color: #ff0000;\"><em>les mardis et jeudis<\/em><\/span><\/p>\n<h4>Tr\u00e9sori\u00e8re principale :\u00a0 <span style=\"color: #ffffff;\">Karine CUNTZ<\/span><\/h4>\n<h4>Tr\u00e9sorier adjoint : <span style=\"color: #ffffff;\">Jean-Louis CHAILLOLEA<\/span>U<\/h4>\n<p>_______________________________________________________________<\/p>\n<p><span style=\"color: #ff0000;\"><em>Permanence personnel social<br \/>\n<\/em><em>les mardis et jeudis<\/em><\/span><\/p>\n<h4><span style=\"color: #ffffff;\">Val\u00e9rie AICARDI<\/span><\/h4>\n<p>_______________________________________________________________<\/p>\n<p><span style=\"color: #ff0000;\"><em>Permanence personnel des coll\u00e8ges<br \/>\n<\/em><em>le jeudi matin<\/em><\/span><\/p>\n<h4><span style=\"color: #ffffff;\">Karen LANGLOIS<br \/>\n<\/span><\/h4>\n<h4><span style=\"color: #ffffff;\">Fran\u00e7ois HEBERT<\/span><\/h4>\n<p>&nbsp;<\/p>\n<p>&nbsp;[\/vc_column_text][\/vc_column][\/vc_row]<\/p>\n<\/div>","protected":false},"excerpt":{"rendered":"<p>[vc_row][vc_column][vc_column_text] Permanence du Lundi au Vendredi : Thierry TRIPODI Audrey TORRE\u00a0 _______________________________________________________________ Les tr\u00e9soriers du syndicat sont \u00e0 la permanence de la CGT les mardis et jeudis Tr\u00e9sori\u00e8re principale :\u00a0 Karine CUNTZ Tr\u00e9sorier adjoint : Jean-Louis CHAILLOLEAU _______________________________________________________________ Permanence personnel social les mardis et jeudis Val\u00e9rie AICARDI _______________________________________________________________ Permanence personnel des coll\u00e8ges le jeudi matin <a class=\"more-link\" href=\"https:\/\/www.cgtcd06.fr\/?page_id=213\">Lire la suite &#8230;<\/a><\/p>\n","protected":false},"author":2,"featured_media":0,"parent":0,"menu_order":0,"comment_status":"closed","ping_status":"closed","template":"","meta":{"footnotes":""},"_links":{"self":[{"href":"https:\/\/www.cgtcd06.fr\/index.php?rest_route=\/wp\/v2\/pages\/213"}],"collection":[{"href":"https:\/\/www.cgtcd06.fr\/index.php?rest_route=\/wp\/v2\/pages"}],"about":[{"href":"https:\/\/www.cgtcd06.fr\/index.php?rest_route=\/wp\/v2\/types\/page"}],"author":[{"embeddable":true,"href":"https:\/\/www.cgtcd06.fr\/index.php?rest_route=\/wp\/v2\/users\/2"}],"replies":[{"embeddable":true,"href":"https:\/\/www.cgtcd06.fr\/index.php?rest_route=%2Fwp%2Fv2%2Fcomments&post=213"}],"version-history":[{"count":16,"href":"https:\/\/www.cgtcd06.fr\/index.php?rest_route=\/wp\/v2\/pages\/213\/revisions"}],"predecessor-version":[{"id":1281,"href":"https:\/\/www.cgtcd06.fr\/index.php?rest_route=\/wp\/v2\/pages\/213\/revisions\/1281"}],"wp:attachment":[{"href":"https:\/\/www.cgtcd06.fr\/index.php?rest_route=%2Fwp%2Fv2%2Fmedia&parent=213"}],"curies":[{"name":"wp","href":"https:\/\/api.w.org\/{rel}","templated":true}]}}