{"id":229,"date":"2018-01-09T17:43:58","date_gmt":"2018-01-09T16:43:58","guid":{"rendered":"http:\/\/www.cgtcd06.fr\/?page_id=229"},"modified":"2018-09-04T14:00:43","modified_gmt":"2018-09-04T12:00:43","slug":"votre-cotisation-en-details","status":"publish","type":"page","link":"https:\/\/www.cgtcd06.fr\/?page_id=229","title":{"rendered":"Votre cotisation en d\u00e9tails"},"content":{"rendered":"<div class=\"wpb-content-wrapper\"><p>[vc_row gap=\u00a0\u00bb35&Prime;][vc_column width=\u00a0\u00bb1\/2&Prime; css=\u00a0\u00bb.vc_custom_1531814484919{margin-top: 0px !important;margin-right: 0px !important;margin-bottom: 0px !important;margin-left: 0px !important;border-top-width: 0px !important;border-right-width: 0px !important;border-bottom-width: 0px !important;border-left-width: 0px !important;padding-top: 0px !important;padding-right: 0px !important;padding-bottom: 0px !important;padding-left: 0px !important;}\u00a0\u00bb][vc_column_text]<\/p>\n<header class=\"entry-header\">\n<header>\n<h3><span style=\"color: #ff0000;\">Pourquoi une cotisation syndicale\u00a0?<\/span><\/h3>\n<\/header>\n<div>\n<p>La cotisation syndicale vers\u00e9e r\u00e9guli\u00e8rement par le syndiqu\u00e9 mat\u00e9rialise son appartenance \u00e0 la CGT et constitue un \u00e9l\u00e9ment vital au financement de l\u2019activit\u00e9 de toute la CGT, du syndicat qui m\u00e8ne l\u2019action de la collectivit\u00e9 jusqu\u2019\u00e0 la Conf\u00e9d\u00e9ration. Elle garantit son ind\u00e9pendance \u00e0 l\u2019\u00e9gard de l\u2019employeur, des pouvoirs publics et lui donne une capacit\u00e9 a agir en toute autonomie.<\/p>\n<h3><span style=\"color: #ff0000;\">De combien\u00a0?<\/span><\/h3>\n<p>La cotisation fix\u00e9e statutairement \u00e0 1\u00a0% du salaire net est un principe d\u2019\u00e9galit\u00e9. Chaque adh\u00e9rent cotise proportionnellement \u00e0 ses revenus.<\/p>\n<p>Pour une gestion pratique et r\u00e9guli\u00e8re, la CGT, ses organisations pratiquent et encouragent le pr\u00e9l\u00e8vement automatique mensuel sur 12 mois des cotisations syndicales.<\/p>\n<h6>La cotisation (1\u00a0% du salaire net hors primes) n\u2019est pas qu\u2019un simple geste d\u2019appartenance au syndicat, c\u2019est surtout un geste de solidarit\u00e9 concret qui \u00ab\u00a0irrigue\u00a0\u00bb toutes les structures de la CGT et qui garantit son ind\u00e9pendance \u00e0 l\u2019\u00e9gard de tous les pouvoirs, et permet a tout les salari\u00e9es m\u00eame les plus fragiles de pouvoir se d\u00e9fendre<\/h6>\n<h6><b>La cotisation est d\u00e9ductible des imp\u00f4ts \u00e0 hauteur de 66% et chaque syndiqu\u00e9s re\u00e7oit un re\u00e7u de d\u00e9claration fiscal, depuis cette ann\u00e9e m\u00eame les syndiqu\u00e9s non imposables b\u00e9n\u00e9ficierons de cette avantage.<\/b><\/h6>\n<p>pour une cotisation de 11 \u20acuros vers\u00e9 \u00e0 la CGT, 7.26 \u20acuros vous seront rembours\u00e9 par l\u2019administration fiscale.<br \/>\nvotre cotisation ne vous co\u00fbte donc que\u00a0: 3,74 \u20acuros<\/p>\n<\/div>\n<\/header>\n<p>[\/vc_column_text][\/vc_column][vc_column width=\u00a0\u00bb1\/2&Prime;][vc_column_text]<\/p>\n<h1 class=\"western\">Statutairement<\/h1>\n<h3 class=\"western\">Se syndiquer, combien \u00e7a co\u00fbte\u00a0?<br \/>\n(article 34 des statuts de la CGT)<\/h3>\n<p><em>\u00ab\u00a0La cotisation syndicale vers\u00e9e r\u00e9guli\u00e8rement par chaque syndiqu\u00e9 \u2013 et sa ventilation \u00e0 chacune des organisations qui constituent la CGT \u2013 mat\u00e9rialise son appartenance \u00e0 la CGT et constitue un \u00e9l\u00e9ment essentiel du financement de l\u2019organisation. Elle assure l\u2019ind\u00e9pendance de toute l\u2019organisation. Elle donne les moyens d\u2019une activit\u00e9 syndicale de qualit\u00e9 et permet d\u2019en assurer le d\u00e9veloppement.\u00a0\u00bb<\/em><\/p>\n<p><strong>Exemple\u00a0: pour un salaire net de 1500\u20ac la cotisation syndicale s\u2019\u00e9l\u00e8ve \u00e0 15\u20ac, pour un salaire net de 1700\u20ac elle sera de 17\u20ac, etc.<\/strong>[\/vc_column_text][vc_single_image image=\u00a0\u00bb392&Prime; img_size=\u00a0\u00bbfull\u00a0\u00bb alignment=\u00a0\u00bbcenter\u00a0\u00bb style=\u00a0\u00bbvc_box_outline\u00a0\u00bb onclick=\u00a0\u00bblink_image\u00a0\u00bb css_animation=\u00a0\u00bbfadeInDown\u00a0\u00bb][\/vc_column][\/vc_row]<\/p>\n<\/div>","protected":false},"excerpt":{"rendered":"<p>[vc_row gap=\u00a0\u00bb35&Prime;][vc_column width=\u00a0\u00bb1\/2&Prime; css=\u00a0\u00bb.vc_custom_1531814484919{margin-top: 0px !important;margin-right: 0px !important;margin-bottom: 0px !important;margin-left: 0px !important;border-top-width: 0px !important;border-right-width: 0px !important;border-bottom-width: 0px !important;border-left-width: 0px !important;padding-top: 0px !important;padding-right: 0px !important;padding-bottom: 0px !important;padding-left: 0px !important;}\u00a0\u00bb][vc_column_text] Pourquoi une cotisation syndicale\u00a0? La cotisation syndicale vers\u00e9e r\u00e9guli\u00e8rement par le syndiqu\u00e9 mat\u00e9rialise son appartenance \u00e0 la CGT et constitue un \u00e9l\u00e9ment vital au financement de l\u2019activit\u00e9 <a class=\"more-link\" href=\"https:\/\/www.cgtcd06.fr\/?page_id=229\">Lire la suite &#8230;<\/a><\/p>\n","protected":false},"author":2,"featured_media":0,"parent":0,"menu_order":0,"comment_status":"closed","ping_status":"closed","template":"","meta":{"footnotes":""},"_links":{"self":[{"href":"https:\/\/www.cgtcd06.fr\/index.php?rest_route=\/wp\/v2\/pages\/229"}],"collection":[{"href":"https:\/\/www.cgtcd06.fr\/index.php?rest_route=\/wp\/v2\/pages"}],"about":[{"href":"https:\/\/www.cgtcd06.fr\/index.php?rest_route=\/wp\/v2\/types\/page"}],"author":[{"embeddable":true,"href":"https:\/\/www.cgtcd06.fr\/index.php?rest_route=\/wp\/v2\/users\/2"}],"replies":[{"embeddable":true,"href":"https:\/\/www.cgtcd06.fr\/index.php?rest_route=%2Fwp%2Fv2%2Fcomments&post=229"}],"version-history":[{"count":30,"href":"https:\/\/www.cgtcd06.fr\/index.php?rest_route=\/wp\/v2\/pages\/229\/revisions"}],"predecessor-version":[{"id":768,"href":"https:\/\/www.cgtcd06.fr\/index.php?rest_route=\/wp\/v2\/pages\/229\/revisions\/768"}],"wp:attachment":[{"href":"https:\/\/www.cgtcd06.fr\/index.php?rest_route=%2Fwp%2Fv2%2Fmedia&parent=229"}],"curies":[{"name":"wp","href":"https:\/\/api.w.org\/{rel}","templated":true}]}}