{"id":231,"date":"2018-01-09T17:44:55","date_gmt":"2018-01-09T16:44:55","guid":{"rendered":"http:\/\/www.cgtcd06.fr\/?page_id=231"},"modified":"2019-11-28T08:39:21","modified_gmt":"2019-11-28T07:39:21","slug":"formulaire-dadhesion","status":"publish","type":"page","link":"https:\/\/www.cgtcd06.fr\/?page_id=231","title":{"rendered":"Formulaire d&rsquo;adh\u00e9sion"},"content":{"rendered":"<div class=\"wpb-content-wrapper\"><p>[vc_row][vc_column width=\u00a0\u00bb1\/2&Prime;][vc_column_text]Vous trouverez en t\u00e9l\u00e9chargement,<br \/>\nle document PDF remplissable en ligne<br \/>\npuis \u00e0 imprimer pour constituer<br \/>\nvotre demande d&rsquo;adh\u00e9sion.<\/p>\n<p>C&rsquo;est \u00e0 notre permanence,<br \/>\nque nous seront heureux de finaliser<br \/>\nvotre inscription.<br \/>\nPour rappel les Tr\u00e9soriers<br \/>\nsont de permanence les mardis et jeudis.<\/p>\n<p>Bienvenue dans la grande famille de la CGT<br \/>\ndu Conseil d\u00e9partemental des Alpes-Maritimes.[\/vc_column_text][\/vc_column][vc_column width=\u00a0\u00bb1\/2&Prime;][vc_single_image image=\u00a0\u00bb141&Prime; img_size=\u00a0\u00bbfull\u00a0\u00bb alignment=\u00a0\u00bbright\u00a0\u00bb style=\u00a0\u00bbvc_box_rounded\u00a0\u00bb css_animation=\u00a0\u00bbslideInDown\u00a0\u00bb][\/vc_column][\/vc_row][vc_row][vc_column][vc_btn title=\u00a0\u00bbT\u00e9l\u00e9charger le fichier PDF\u00a0\u00bb i_type=\u00a0\u00bbpixelicons\u00a0\u00bb i_icon_pixelicons=\u00a0\u00bbvc_pixel_icon vc_pixel_icon-document_pdf\u00a0\u00bb css_animation=\u00a0\u00bbflipInX\u00a0\u00bb add_icon=\u00a0\u00bbtrue\u00a0\u00bb link=\u00a0\u00bburl:http%3A%2F%2Fwww.cgtcd06.fr%2Fwp-content%2Fuploads%2F2019%2F11%2FADHESION-SEPA_2020.pdf|||\u00a0\u00bb][\/vc_column][\/vc_row]<\/p>\n<\/div>","protected":false},"excerpt":{"rendered":"<p>[vc_row][vc_column width=\u00a0\u00bb1\/2&Prime;][vc_column_text]Vous trouverez en t\u00e9l\u00e9chargement, le document PDF remplissable en ligne puis \u00e0 imprimer pour constituer votre demande d&rsquo;adh\u00e9sion. C&rsquo;est \u00e0 notre permanence, que nous seront heureux de finaliser votre inscription. Pour rappel les Tr\u00e9soriers sont de permanence les mardis et jeudis. Bienvenue dans la grande famille de la CGT du Conseil d\u00e9partemental des Alpes-Maritimes.[\/vc_column_text][\/vc_column][vc_column <a class=\"more-link\" href=\"https:\/\/www.cgtcd06.fr\/?page_id=231\">Lire la suite &#8230;<\/a><\/p>\n","protected":false},"author":2,"featured_media":0,"parent":0,"menu_order":0,"comment_status":"closed","ping_status":"closed","template":"","meta":{"footnotes":""},"_links":{"self":[{"href":"https:\/\/www.cgtcd06.fr\/index.php?rest_route=\/wp\/v2\/pages\/231"}],"collection":[{"href":"https:\/\/www.cgtcd06.fr\/index.php?rest_route=\/wp\/v2\/pages"}],"about":[{"href":"https:\/\/www.cgtcd06.fr\/index.php?rest_route=\/wp\/v2\/types\/page"}],"author":[{"embeddable":true,"href":"https:\/\/www.cgtcd06.fr\/index.php?rest_route=\/wp\/v2\/users\/2"}],"replies":[{"embeddable":true,"href":"https:\/\/www.cgtcd06.fr\/index.php?rest_route=%2Fwp%2Fv2%2Fcomments&post=231"}],"version-history":[{"count":12,"href":"https:\/\/www.cgtcd06.fr\/index.php?rest_route=\/wp\/v2\/pages\/231\/revisions"}],"predecessor-version":[{"id":1148,"href":"https:\/\/www.cgtcd06.fr\/index.php?rest_route=\/wp\/v2\/pages\/231\/revisions\/1148"}],"wp:attachment":[{"href":"https:\/\/www.cgtcd06.fr\/index.php?rest_route=%2Fwp%2Fv2%2Fmedia&parent=231"}],"curies":[{"name":"wp","href":"https:\/\/api.w.org\/{rel}","templated":true}]}}