{"id":303,"date":"2018-04-08T15:17:52","date_gmt":"2018-04-08T13:17:52","guid":{"rendered":"http:\/\/www.cgtcd06.fr\/?page_id=303"},"modified":"2018-09-04T14:04:37","modified_gmt":"2018-09-04T12:04:37","slug":"collectif-retraites","status":"publish","type":"page","link":"https:\/\/www.cgtcd06.fr\/?page_id=303","title":{"rendered":"Collectif retrait\u00e9s"},"content":{"rendered":"<div class=\"wpb-content-wrapper\"><p>[vc_row][vc_column][vc_single_image image=\u00a0\u00bb570&Prime; img_size=\u00a0\u00bbmedium\u00a0\u00bb css_animation=\u00a0\u00bbfadeInUpBig\u00a0\u00bb][\/vc_column][\/vc_row][vc_row][vc_column][vc_column_text css_animation=\u00a0\u00bbfadeInDownBig\u00a0\u00bb]<\/p>\n<h3 class=\"p1\">Retrait\u00e9-e et syndiqu\u00e9-e<\/h3>\n<p class=\"p3\"><strong>Certains diront, pourquoi \u00eatre syndiqu\u00e9 quand on est retrait\u00e9\u00a0?<\/strong><\/p>\n<p class=\"p3\"><i>\u00catre syndiqu\u00e9, c&rsquo;est d\u00e9fendre ses int\u00e9r\u00eats de salari\u00e9, que l&rsquo;on soit dans l&#8217;emploi, demandeur d&#8217;emploi, pensionn\u00e9 ou retrait\u00e9.<br \/>\n<\/i>La question est\u00a0: doit on \u00eatre ensemble et collectivement organis\u00e9s pour d\u00e9fendre ce que l&rsquo;on a toujours d\u00e9fendu, que ce soit la sant\u00e9, les revenus, la qualit\u00e9 de vie,l&rsquo;acc\u00e8s et l&rsquo;organisation des services publics.\u00a0?<br \/>\nLa retraite est une nouvelle \u00e9tape de la vie, qui nous lib\u00e8re de l&#8217;employeur,<span class=\"Apple-converted-space\">\u00a0 <\/span>mais qui n\u00e9cessite toujours de d\u00e9fendre son droit \u00e0 une vie d\u00e9cente pour tous\u2026.<br \/>\nMiliter \u00e0 la retraite, ce n&rsquo;est pas une gal\u00e8re, mais, chacun \u00e0 son rythme, participer collectivement \u00e0 d\u00e9fendre les pr\u00e9rogatives des salari\u00e9s, actifs et retrait\u00e9s.<br \/>\nL&rsquo;on n&rsquo;est plus attach\u00e9 obligatoirement \u00e0 son employeur, mais nous avons en commun le statut de la fonction publique et nous partageons avec les hospitaliers la caisse de retraite, la CNRACL qui<span class=\"Apple-converted-space\">\u00a0 <\/span>(\u00e9pine dans le pied de nos gouvernants) a toujours un Conseil d&rsquo;Administration paritaire avec des \u00e9lus, repr\u00e9sentants les personnels.<\/p>\n<p class=\"p3\">Nos \u00e9lus \u00e9ditent d&rsquo;ailleurs un courrier r\u00e9guli\u00e8rement publi\u00e9 sur le site de la f\u00e9d\u00e9ration, pour nous informer de leurs mandats et de nos droits.<br \/>\nCertaines collectivit\u00e9s conservent des avantages sociaux pour leurs retrait\u00e9s, comme l&rsquo;acc\u00e8s \u00e0 l&rsquo;actions sociale et culturelle. Pour ce qui concerne le D\u00e9partement06, nous pouvons conserver l&rsquo;adh\u00e9sion au COS, mais pas les ch\u00e8ques vacances par exemple. Nous pouvons aussi acc\u00e9der au restaurant administratif, mais avec le tarif \u00ab\u00a0invit\u00e9\u00a0\u00bb, c&rsquo;est \u00e0 dire avec suppl\u00e9ment\u2026<br \/>\nRetrait\u00e9 syndiqu\u00e9, c&rsquo;est aussi recevoir une presse sp\u00e9cifique, un magazine d\u00e9di\u00e9 \u00ab\u00a0 vie nouvelle\u00a0\u00bb, c&rsquo;est aussi l&rsquo;occasion de se retrouver pour \u00e9laborer et participer au fonctionnement de notre section, avec un esprit de convivialit\u00e9.<br \/>\nRetrait\u00e9 syndiqu\u00e9, c&rsquo;est aider \u00e0 passer la m\u00e9moire de nos ann\u00e9es de travail et de luttes, et poursuivre cette id\u00e9e que ce nouveau temps de vie participe \u00e0 la construction des nouvelles g\u00e9n\u00e9rations, ensemble et pr\u00e8s de notre lieu de vie.<\/p>\n<p class=\"p3\">Alors, tous ensemble\u00a0??<span class=\"Apple-converted-space\">\u00a0 <\/span>nous serons retrait\u00e9s et syndiqu\u00e9s\u00a0!!<br \/>\nFraternit\u00e9, solidarit\u00e9, convivialit\u00e9, la lutte continue\u2026\u2026<\/p>\n<p class=\"p3\">PS\u00a0: les cotisations syndicales continuent d&rsquo;\u00eatre un cr\u00e9dit d&rsquo;imp\u00f4t pour 66\u00a0% du montant\u2026.<\/p>\n<p>[\/vc_column_text][\/vc_column][\/vc_row]<\/p>\n<\/div>","protected":false},"excerpt":{"rendered":"<p>[vc_row][vc_column][vc_single_image image=\u00a0\u00bb570&Prime; img_size=\u00a0\u00bbmedium\u00a0\u00bb css_animation=\u00a0\u00bbfadeInUpBig\u00a0\u00bb][\/vc_column][\/vc_row][vc_row][vc_column][vc_column_text css_animation=\u00a0\u00bbfadeInDownBig\u00a0\u00bb] Retrait\u00e9-e et syndiqu\u00e9-e Certains diront, pourquoi \u00eatre syndiqu\u00e9 quand on est retrait\u00e9\u00a0? \u00catre syndiqu\u00e9, c&rsquo;est d\u00e9fendre ses int\u00e9r\u00eats de salari\u00e9, que l&rsquo;on soit dans l&#8217;emploi, demandeur d&#8217;emploi, pensionn\u00e9 ou retrait\u00e9. La question est\u00a0: doit on \u00eatre ensemble et collectivement organis\u00e9s pour d\u00e9fendre ce que l&rsquo;on a toujours d\u00e9fendu, que ce <a class=\"more-link\" href=\"https:\/\/www.cgtcd06.fr\/?page_id=303\">Lire la suite &#8230;<\/a><\/p>\n","protected":false},"author":2,"featured_media":0,"parent":0,"menu_order":0,"comment_status":"closed","ping_status":"closed","template":"","meta":{"footnotes":""},"_links":{"self":[{"href":"https:\/\/www.cgtcd06.fr\/index.php?rest_route=\/wp\/v2\/pages\/303"}],"collection":[{"href":"https:\/\/www.cgtcd06.fr\/index.php?rest_route=\/wp\/v2\/pages"}],"about":[{"href":"https:\/\/www.cgtcd06.fr\/index.php?rest_route=\/wp\/v2\/types\/page"}],"author":[{"embeddable":true,"href":"https:\/\/www.cgtcd06.fr\/index.php?rest_route=\/wp\/v2\/users\/2"}],"replies":[{"embeddable":true,"href":"https:\/\/www.cgtcd06.fr\/index.php?rest_route=%2Fwp%2Fv2%2Fcomments&post=303"}],"version-history":[{"count":21,"href":"https:\/\/www.cgtcd06.fr\/index.php?rest_route=\/wp\/v2\/pages\/303\/revisions"}],"predecessor-version":[{"id":668,"href":"https:\/\/www.cgtcd06.fr\/index.php?rest_route=\/wp\/v2\/pages\/303\/revisions\/668"}],"wp:attachment":[{"href":"https:\/\/www.cgtcd06.fr\/index.php?rest_route=%2Fwp%2Fv2%2Fmedia&parent=303"}],"curies":[{"name":"wp","href":"https:\/\/api.w.org\/{rel}","templated":true}]}}