{"id":451,"date":"2018-05-28T10:09:23","date_gmt":"2018-05-28T08:09:23","guid":{"rendered":"http:\/\/www.cgtcd06.fr\/?page_id=451"},"modified":"2018-05-29T10:39:55","modified_gmt":"2018-05-29T08:39:55","slug":"votre-carriere","status":"publish","type":"page","link":"https:\/\/www.cgtcd06.fr\/?page_id=451","title":{"rendered":"Votre carri\u00e8re"},"content":{"rendered":"<div class=\"wpb-content-wrapper\"><p>[vc_row][vc_column width=\u00a0\u00bb1\/2&Prime;][vc_column_text css_animation=\u00a0\u00bbslideInDown\u00a0\u00bb]<\/p>\n<h5>Vous trouverez en t\u00e9l\u00e9chargement un dossier<br \/>\nd\u00e9taillant le d\u00e9roulement de carri\u00e9re<br \/>\nau Conseil d\u00e9partemental 06.<\/h5>\n<p>index\u00e9 par fili\u00e8res[\/vc_column_text][vc_btn title=\u00a0\u00bbT\u00e9l\u00e9charger\u00a0\u00bb color=\u00a0\u00bbdanger\u00a0\u00bb size=\u00a0\u00bblg\u00a0\u00bb i_icon_fontawesome=\u00a0\u00bbfa fa-file-pdf-o\u00a0\u00bb css_animation=\u00a0\u00bbfadeInRight\u00a0\u00bb add_icon=\u00a0\u00bbtrue\u00a0\u00bb link=\u00a0\u00bburl:http%3A%2F%2Fwww.cgtcd06.fr%2Fwp-content%2Fuploads%2F2018%2F05%2FCarrie%CC%80res.pdf|||\u00a0\u00bb][\/vc_column][vc_column css_animation=\u00a0\u00bblightSpeedIn\u00a0\u00bb width=\u00a0\u00bb1\/2&Prime;][vc_single_image image=\u00a0\u00bb64&Prime; img_size=\u00a0\u00bbmedium\u00a0\u00bb alignment=\u00a0\u00bbright\u00a0\u00bb][\/vc_column][\/vc_row]<\/p>\n<\/div>","protected":false},"excerpt":{"rendered":"<p>[vc_row][vc_column width=\u00a0\u00bb1\/2&Prime;][vc_column_text css_animation=\u00a0\u00bbslideInDown\u00a0\u00bb] Vous trouverez en t\u00e9l\u00e9chargement un dossier d\u00e9taillant le d\u00e9roulement de carri\u00e9re au Conseil d\u00e9partemental 06. index\u00e9 par fili\u00e8res[\/vc_column_text][vc_btn title=\u00a0\u00bbT\u00e9l\u00e9charger\u00a0\u00bb color=\u00a0\u00bbdanger\u00a0\u00bb size=\u00a0\u00bblg\u00a0\u00bb i_icon_fontawesome=\u00a0\u00bbfa fa-file-pdf-o\u00a0\u00bb css_animation=\u00a0\u00bbfadeInRight\u00a0\u00bb add_icon=\u00a0\u00bbtrue\u00a0\u00bb link=\u00a0\u00bburl:http%3A%2F%2Fwww.cgtcd06.fr%2Fwp-content%2Fuploads%2F2018%2F05%2FCarrie%CC%80res.pdf|||\u00a0\u00bb][\/vc_column][vc_column css_animation=\u00a0\u00bblightSpeedIn\u00a0\u00bb width=\u00a0\u00bb1\/2&Prime;][vc_single_image image=\u00a0\u00bb64&Prime; img_size=\u00a0\u00bbmedium\u00a0\u00bb alignment=\u00a0\u00bbright\u00a0\u00bb][\/vc_column][\/vc_row]<\/p>\n","protected":false},"author":2,"featured_media":0,"parent":0,"menu_order":0,"comment_status":"closed","ping_status":"closed","template":"","meta":{"footnotes":""},"_links":{"self":[{"href":"https:\/\/www.cgtcd06.fr\/index.php?rest_route=\/wp\/v2\/pages\/451"}],"collection":[{"href":"https:\/\/www.cgtcd06.fr\/index.php?rest_route=\/wp\/v2\/pages"}],"about":[{"href":"https:\/\/www.cgtcd06.fr\/index.php?rest_route=\/wp\/v2\/types\/page"}],"author":[{"embeddable":true,"href":"https:\/\/www.cgtcd06.fr\/index.php?rest_route=\/wp\/v2\/users\/2"}],"replies":[{"embeddable":true,"href":"https:\/\/www.cgtcd06.fr\/index.php?rest_route=%2Fwp%2Fv2%2Fcomments&post=451"}],"version-history":[{"count":14,"href":"https:\/\/www.cgtcd06.fr\/index.php?rest_route=\/wp\/v2\/pages\/451\/revisions"}],"predecessor-version":[{"id":566,"href":"https:\/\/www.cgtcd06.fr\/index.php?rest_route=\/wp\/v2\/pages\/451\/revisions\/566"}],"wp:attachment":[{"href":"https:\/\/www.cgtcd06.fr\/index.php?rest_route=%2Fwp%2Fv2%2Fmedia&parent=451"}],"curies":[{"name":"wp","href":"https:\/\/api.w.org\/{rel}","templated":true}]}}