{"id":478,"date":"2018-05-28T10:15:00","date_gmt":"2018-05-28T08:15:00","guid":{"rendered":"http:\/\/www.cgtcd06.fr\/?page_id=478"},"modified":"2018-09-02T19:24:17","modified_gmt":"2018-09-02T17:24:17","slug":"n-b-i","status":"publish","type":"page","link":"https:\/\/www.cgtcd06.fr\/?page_id=478","title":{"rendered":"N.B.I. (Nouvelle Bonification Indiciaire)"},"content":{"rendered":"<div class=\"wpb-content-wrapper\"><p>[vc_row][vc_column][vc_single_image image=\u00a0\u00bb735&Prime; img_size=\u00a0\u00bbfull\u00a0\u00bb style=\u00a0\u00bbvc_box_rounded\u00a0\u00bb css_animation=\u00a0\u00bbtop-to-bottom\u00a0\u00bb][vc_column_text]<\/p>\n<p class=\"p2\"><b>R\u00e9capitulatif sur l\u2019attribution de la NBI <\/b><\/p>\n<p class=\"p3\">Les fonctionnaires occupant certains emplois comportant une responsabilit\u00e9 ou une technicit\u00e9 particuli\u00e8re per\u00e7oivent une bonification appel\u00e9e : Nouvelle Bonification Indiciaire (N.B.I.), sous forme de points d&rsquo;indice major\u00e9 suppl\u00e9mentaires. La liste des emplois ouvrant droit \u00e0 la N.B.I. et le nombre de points d&rsquo;indice accord\u00e9s sont fix\u00e9s, dans chaque fonction publique, par d\u00e9crets. La N.B.I. est vers\u00e9e mensuellement. Elle est soumise \u00e0 cotisations retraite et ouvre droit \u00e0 un suppl\u00e9ment de pension.<\/p>\n<p>Textes :<\/p>\n<p class=\"p3\">&#8211; D\u00e9cret n\u00b096-1156 du 29 d\u00e9cembre 1996 fixant la liste des zones urbaines sensibles<\/p>\n<p class=\"p3\">&#8211; D\u00e9cret 2006-779 du 3 juillet 2006 portant attribution de la nouvelle bonification indiciaire (NBI) \u00e0 certains personnels de la fonction publique territoriale.<\/p>\n<p class=\"p3\">&#8211; D\u00e9cret 2006-780 du 3 juillet 2006 portant attribution de la NBI \u00e0 certains personnels de la fonction publique territoriale exer\u00e7ant dans des zones \u00e0 caract\u00e8re sensible.<\/p>\n<p class=\"p3\">&#8211; D\u00e9cret n\u00b02014-1750 du 30 d\u00e9cembre 2014 fixant la liste des quartiers prioritaires de la politique de la ville dans les d\u00e9partements m\u00e9tropolitains.<\/p>\n<p class=\"p3\"><b><i>Si ce taux d\u2019activit\u00e9s est \u00e0 + de 50%, la NBI est conserv\u00e9e, si le taux est \u00e0 \u2013 \u00e0 50%, elle disparait (de mani\u00e8re d\u00e9gressive selon le d\u00e9cret). <\/i><\/b><\/p>\n<p>[\/vc_column_text][\/vc_column][\/vc_row][vc_row][vc_column][\/vc_column][\/vc_row]<\/p>\n<\/div>","protected":false},"excerpt":{"rendered":"<p>[vc_row][vc_column][vc_single_image image=\u00a0\u00bb735&Prime; img_size=\u00a0\u00bbfull\u00a0\u00bb style=\u00a0\u00bbvc_box_rounded\u00a0\u00bb css_animation=\u00a0\u00bbtop-to-bottom\u00a0\u00bb][vc_column_text] R\u00e9capitulatif sur l\u2019attribution de la NBI Les fonctionnaires occupant certains emplois comportant une responsabilit\u00e9 ou une technicit\u00e9 particuli\u00e8re per\u00e7oivent une bonification appel\u00e9e : Nouvelle Bonification Indiciaire (N.B.I.), sous forme de points d&rsquo;indice major\u00e9 suppl\u00e9mentaires. La liste des emplois ouvrant droit \u00e0 la N.B.I. et le nombre de points d&rsquo;indice accord\u00e9s <a class=\"more-link\" href=\"https:\/\/www.cgtcd06.fr\/?page_id=478\">Lire la suite &#8230;<\/a><\/p>\n","protected":false},"author":2,"featured_media":0,"parent":0,"menu_order":0,"comment_status":"closed","ping_status":"closed","template":"","meta":{"footnotes":""},"_links":{"self":[{"href":"https:\/\/www.cgtcd06.fr\/index.php?rest_route=\/wp\/v2\/pages\/478"}],"collection":[{"href":"https:\/\/www.cgtcd06.fr\/index.php?rest_route=\/wp\/v2\/pages"}],"about":[{"href":"https:\/\/www.cgtcd06.fr\/index.php?rest_route=\/wp\/v2\/types\/page"}],"author":[{"embeddable":true,"href":"https:\/\/www.cgtcd06.fr\/index.php?rest_route=\/wp\/v2\/users\/2"}],"replies":[{"embeddable":true,"href":"https:\/\/www.cgtcd06.fr\/index.php?rest_route=%2Fwp%2Fv2%2Fcomments&post=478"}],"version-history":[{"count":5,"href":"https:\/\/www.cgtcd06.fr\/index.php?rest_route=\/wp\/v2\/pages\/478\/revisions"}],"predecessor-version":[{"id":736,"href":"https:\/\/www.cgtcd06.fr\/index.php?rest_route=\/wp\/v2\/pages\/478\/revisions\/736"}],"wp:attachment":[{"href":"https:\/\/www.cgtcd06.fr\/index.php?rest_route=%2Fwp%2Fv2%2Fmedia&parent=478"}],"curies":[{"name":"wp","href":"https:\/\/api.w.org\/{rel}","templated":true}]}}